{"id":137,"date":"2019-01-22T13:23:36","date_gmt":"2019-01-22T12:23:36","guid":{"rendered":"http:\/\/www.oliz-consulting.dk\/sax\/?page_id=137"},"modified":"2023-06-04T12:57:31","modified_gmt":"2023-06-04T12:57:31","slug":"contact","status":"publish","type":"page","link":"https:\/\/www.persaxmoller.com\/?page_id=137","title":{"rendered":"Contact"},"content":{"rendered":"\t\t<div data-elementor-type=\"wp-page\" data-elementor-id=\"137\" class=\"elementor elementor-137\" data-elementor-post-type=\"page\">\n\t\t\t\t\t\t<section class=\"elementor-section elementor-top-section elementor-element elementor-element-63bf20b1 elementor-section-content-middle elementor-section-full_width elementor-section-height-default elementor-section-height-default\" data-id=\"63bf20b1\" data-element_type=\"section\" data-e-type=\"section\" data-settings=\"{&quot;background_background&quot;:&quot;classic&quot;}\">\n\t\t\t\t\t\t<div class=\"elementor-container elementor-column-gap-no\">\n\t\t\t\t\t<div class=\"elementor-column elementor-col-50 elementor-top-column elementor-element elementor-element-438d47ff\" data-id=\"438d47ff\" data-element_type=\"column\" data-e-type=\"column\" data-settings=\"{&quot;background_background&quot;:&quot;classic&quot;}\">\n\t\t\t<div class=\"elementor-widget-wrap elementor-element-populated\">\n\t\t\t\t\t<div class=\"elementor-background-overlay\"><\/div>\n\t\t\t\t\t\t<div class=\"elementor-element elementor-element-7b3bf0a8 elementor-widget elementor-widget-heading\" data-id=\"7b3bf0a8\" data-element_type=\"widget\" data-e-type=\"widget\" data-widget_type=\"heading.default\">\n\t\t\t\t<div class=\"elementor-widget-container\">\n\t\t\t\t\t<h4 class=\"elementor-heading-title elementor-size-default\">Get in touch<\/h4>\t\t\t\t<\/div>\n\t\t\t\t<\/div>\n\t\t\t\t<div class=\"elementor-element elementor-element-c8fa979 elementor-widget elementor-widget-text-editor\" data-id=\"c8fa979\" data-element_type=\"widget\" data-e-type=\"widget\" data-widget_type=\"text-editor.default\">\n\t\t\t\t<div class=\"elementor-widget-container\">\n\t\t\t\t\t\t\t\t\t<p>Per Sax M\u00f8ller<br>Egernv\u00e6nget 4<br>DK-4733 Tappern\u00f8je<br>Denmark<\/p>\n<p>Phone: +45 33 14 09 50<br>E-mail: saxmoller@gmail.com<\/p>\t\t\t\t\t\t\t\t<\/div>\n\t\t\t\t<\/div>\n\t\t\t\t<div class=\"elementor-element elementor-element-39aa2c8 elementor-widget elementor-widget-heading\" data-id=\"39aa2c8\" data-element_type=\"widget\" data-e-type=\"widget\" data-widget_type=\"heading.default\">\n\t\t\t\t<div class=\"elementor-widget-container\">\n\t\t\t\t\t<h2 class=\"elementor-heading-title elementor-size-default\">Sculptures and lamps are exhibited and can be purchased at:<\/h2>\t\t\t\t<\/div>\n\t\t\t\t<\/div>\n\t\t\t\t<div class=\"elementor-element elementor-element-e1aa5f5 elementor-widget elementor-widget-text-editor\" data-id=\"e1aa5f5\" data-element_type=\"widget\" data-e-type=\"widget\" data-widget_type=\"text-editor.default\">\n\t\t\t\t<div class=\"elementor-widget-container\">\n\t\t\t\t\t\t\t\t\t<p><span style=\"color: var( --e-global-color-text ); font-size: 1rem;\">SECHER FINE ART &amp; DESIGN<br><\/span><span style=\"color: var( --e-global-color-text ); font-size: 1rem;\">Bredgade 25 A<br><\/span><span style=\"color: var( --e-global-color-text ); font-size: 1rem;\">DK-1260 Copenhagen K<br><\/span><span style=\"color: var( --e-global-color-text ); font-size: 1rem;\">Denmark<\/span><\/p>\n<p><a href=\"http:\/\/www.secherfineart.dk\" target=\"_blank\" rel=\"noopener\">www.secherfineart.dk<\/a><\/p>\t\t\t\t\t\t\t\t<\/div>\n\t\t\t\t<\/div>\n\t\t\t\t\t<\/div>\n\t\t<\/div>\n\t\t\t\t<div class=\"elementor-column elementor-col-50 elementor-top-column elementor-element elementor-element-78dc2ed elementor-hidden-phone elementor-hidden-tablet\" data-id=\"78dc2ed\" data-element_type=\"column\" data-e-type=\"column\" data-settings=\"{&quot;background_background&quot;:&quot;classic&quot;}\">\n\t\t\t<div class=\"elementor-widget-wrap elementor-element-populated\">\n\t\t\t\t\t\t<div class=\"elementor-element elementor-element-bd7b382 elementor-widget elementor-widget-spacer\" data-id=\"bd7b382\" data-element_type=\"widget\" data-e-type=\"widget\" data-widget_type=\"spacer.default\">\n\t\t\t\t<div class=\"elementor-widget-container\">\n\t\t\t\t\t\t\t<div class=\"elementor-spacer\">\n\t\t\t<div class=\"elementor-spacer-inner\"><\/div>\n\t\t<\/div>\n\t\t\t\t\t\t<\/div>\n\t\t\t\t<\/div>\n\t\t\t\t\t<\/div>\n\t\t<\/div>\n\t\t\t\t\t<\/div>\n\t\t<\/section>\n\t\t\t\t<\/div>\n\t\t","protected":false},"excerpt":{"rendered":"<p>Get in touch Per Sax M\u00f8llerEgernv\u00e6nget 4DK-4733 Tappern\u00f8jeDenmark Phone: +45 33 14 09 50E-mail: saxmoller@gmail.com Sculptures and lamps are exhibited and can be purchased at: SECHER FINE ART &amp; DESIGNBredgade 25 ADK-1260 Copenhagen KDenmark www.secherfineart.dk<\/p>\n","protected":false},"author":1,"featured_media":0,"parent":0,"menu_order":0,"comment_status":"closed","ping_status":"closed","template":"","meta":{"_acf_changed":false,"footnotes":""},"class_list":["post-137","page","type-page","status-publish"],"acf":[],"_links":{"self":[{"href":"https:\/\/www.persaxmoller.com\/index.php?rest_route=\/wp\/v2\/pages\/137","targetHints":{"allow":["GET"]}}],"collection":[{"href":"https:\/\/www.persaxmoller.com\/index.php?rest_route=\/wp\/v2\/pages"}],"about":[{"href":"https:\/\/www.persaxmoller.com\/index.php?rest_route=\/wp\/v2\/types\/page"}],"author":[{"embeddable":true,"href":"https:\/\/www.persaxmoller.com\/index.php?rest_route=\/wp\/v2\/users\/1"}],"replies":[{"embeddable":true,"href":"https:\/\/www.persaxmoller.com\/index.php?rest_route=%2Fwp%2Fv2%2Fcomments&post=137"}],"version-history":[{"count":148,"href":"https:\/\/www.persaxmoller.com\/index.php?rest_route=\/wp\/v2\/pages\/137\/revisions"}],"predecessor-version":[{"id":2267,"href":"https:\/\/www.persaxmoller.com\/index.php?rest_route=\/wp\/v2\/pages\/137\/revisions\/2267"}],"wp:attachment":[{"href":"https:\/\/www.persaxmoller.com\/index.php?rest_route=%2Fwp%2Fv2%2Fmedia&parent=137"}],"curies":[{"name":"wp","href":"https:\/\/api.w.org\/{rel}","templated":true}]}}